{"id":20131,"date":"2025-12-09T12:43:41","date_gmt":"2025-12-09T11:43:41","guid":{"rendered":"https:\/\/shop.techlearn.swiss\/trainings\/3-3-cours-de-formation-formateurs-trices-en-entreprise\/"},"modified":"2026-05-07T14:16:32","modified_gmt":"2026-05-07T12:16:32","slug":"3-3-cours-de-formation-formateurs-trices-en-entreprise","status":"publish","type":"product","link":"https:\/\/shop.techlearn.swiss\/fr\/trainings\/3-3-cours-de-formation-formateurs-trices-en-entreprise\/","title":{"rendered":"3.3) Cours de formation formateurs\/trices en entreprise"},"content":{"rendered":"<p>Ce cours pr\u00e9sentiel d&#39;une journ\u00e9e s&#39;adresse aux formateurs et formatrices ainsi qu&#39;aux responsables de formation qui accompagnent des apprentis dans les m\u00e9tiers MEM. Le cours vise \u00e0 soutenir l&#39;int\u00e9gration concr\u00e8te et efficace des nouveaut\u00e9s issues de la r\u00e9vision des professions FUTUREMEM dans le contexte de l&#39;entreprise.<\/p>\n<p><\/p>\n<p>Les participants d\u00e9couvrent les principaux outils tels que la planification de la formation, les missions pratiques et la documentation relative \u00e0 l&#39;apprentissage et aux performances \u00e0 l&#39;aide de simulations interactives. L&#39;accent est mis sur l&#39;\u00e9change et la d\u00e9finition de mesures concr\u00e8tes pour leur propre entreprise.<\/p>\n","protected":false},"excerpt":{"rendered":"<p>Ce cours pr\u00e9sentiel d&#39;une journ\u00e9e s&#39;adresse aux formateurs et formatrices ainsi qu&#39;aux responsables de formation qui accompagnent des apprentis dans les m\u00e9tiers MEM. Le cours vise \u00e0 soutenir l&#39;int\u00e9gration concr\u00e8te et efficace des nouveaut\u00e9s issues de la r\u00e9vision des professions FUTUREMEM dans le contexte de l&#39;entreprise. Les participants d\u00e9couvrent les principaux outils tels que la [&hellip;]<\/p>\n","protected":false},"featured_media":14525,"comment_status":"open","ping_status":"closed","template":"","meta":{"_acf_changed":false},"product_brand":[],"product_cat":[],"product_tag":[],"class_list":{"0":"post-20131","1":"product","2":"type-product","3":"status-publish","4":"has-post-thumbnail","7":"first","8":"instock","9":"virtual","10":"taxable","11":"purchasable","12":"product-type-simple"},"acf":[],"_links":{"self":[{"href":"https:\/\/shop.techlearn.swiss\/fr\/wp-json\/wp\/v2\/product\/20131","targetHints":{"allow":["GET"]}}],"collection":[{"href":"https:\/\/shop.techlearn.swiss\/fr\/wp-json\/wp\/v2\/product"}],"about":[{"href":"https:\/\/shop.techlearn.swiss\/fr\/wp-json\/wp\/v2\/types\/product"}],"replies":[{"embeddable":true,"href":"https:\/\/shop.techlearn.swiss\/fr\/wp-json\/wp\/v2\/comments?post=20131"}],"wp:featuredmedia":[{"embeddable":true,"href":"https:\/\/shop.techlearn.swiss\/fr\/wp-json\/wp\/v2\/media\/14525"}],"wp:attachment":[{"href":"https:\/\/shop.techlearn.swiss\/fr\/wp-json\/wp\/v2\/media?parent=20131"}],"wp:term":[{"taxonomy":"product_brand","embeddable":true,"href":"https:\/\/shop.techlearn.swiss\/fr\/wp-json\/wp\/v2\/product_brand?post=20131"},{"taxonomy":"product_cat","embeddable":true,"href":"https:\/\/shop.techlearn.swiss\/fr\/wp-json\/wp\/v2\/product_cat?post=20131"},{"taxonomy":"product_tag","embeddable":true,"href":"https:\/\/shop.techlearn.swiss\/fr\/wp-json\/wp\/v2\/product_tag?post=20131"}],"curies":[{"name":"wp","href":"https:\/\/api.w.org\/{rel}","templated":true}]}}