{"id":7922,"date":"2025-10-14T15:31:47","date_gmt":"2025-10-14T13:31:47","guid":{"rendered":"https:\/\/shop.techlearn.swiss\/trainings\/2-qa-session-en-ligne-sur-le-parcours-de-formation-bases-futuremem\/"},"modified":"2026-04-14T13:12:46","modified_gmt":"2026-04-14T11:12:46","slug":"3-1-formation-enseignants-ep","status":"publish","type":"product","link":"https:\/\/shop.techlearn.swiss\/fr\/trainings\/3-1-formation-enseignants-ep\/","title":{"rendered":"3.1) Cours de formation pour les enseignants EP"},"content":{"rendered":"<p>Le cours en pr\u00e9sentiel d&#39;une journ\u00e9e s&#39;appuie sur le contenu du parcours de formation \u00ab Bases FUTUREMEM \u00bb et vous apprend de mani\u00e8re pratique \u00e0 utiliser les outils num\u00e9riques de mani\u00e8re cibl\u00e9e pour un enseignement ax\u00e9 sur les comp\u00e9tences op\u00e9rationnelles dans les \u00e9coles professionnelles.<br \/>Le matin, vous consolidez vos connaissances sur les bases de la r\u00e9forme. L&#39;apr\u00e8s-midi, vous abordez de mani\u00e8re pratique l&#39;enseignement ax\u00e9 sur les comp\u00e9tences op\u00e9rationnelles.<\/p>\n","protected":false},"excerpt":{"rendered":"<p>Le cours en pr\u00e9sentiel d&#39;une journ\u00e9e s&#39;appuie sur le contenu du parcours de formation \u00ab Bases FUTUREMEM \u00bb et vous apprend de mani\u00e8re pratique \u00e0 utiliser les outils num\u00e9riques de mani\u00e8re cibl\u00e9e pour un enseignement ax\u00e9 sur les comp\u00e9tences op\u00e9rationnelles dans les \u00e9coles professionnelles.Le matin, vous consolidez vos connaissances sur les bases de la r\u00e9forme. [&hellip;]<\/p>\n","protected":false},"featured_media":8236,"comment_status":"open","ping_status":"closed","template":"","meta":{"_acf_changed":false},"product_brand":[],"product_cat":[],"product_tag":[],"class_list":{"0":"post-7922","1":"product","2":"type-product","3":"status-publish","4":"has-post-thumbnail","7":"first","8":"instock","9":"virtual","10":"taxable","11":"purchasable","12":"product-type-simple"},"acf":[],"_links":{"self":[{"href":"https:\/\/shop.techlearn.swiss\/fr\/wp-json\/wp\/v2\/product\/7922","targetHints":{"allow":["GET"]}}],"collection":[{"href":"https:\/\/shop.techlearn.swiss\/fr\/wp-json\/wp\/v2\/product"}],"about":[{"href":"https:\/\/shop.techlearn.swiss\/fr\/wp-json\/wp\/v2\/types\/product"}],"replies":[{"embeddable":true,"href":"https:\/\/shop.techlearn.swiss\/fr\/wp-json\/wp\/v2\/comments?post=7922"}],"wp:featuredmedia":[{"embeddable":true,"href":"https:\/\/shop.techlearn.swiss\/fr\/wp-json\/wp\/v2\/media\/8236"}],"wp:attachment":[{"href":"https:\/\/shop.techlearn.swiss\/fr\/wp-json\/wp\/v2\/media?parent=7922"}],"wp:term":[{"taxonomy":"product_brand","embeddable":true,"href":"https:\/\/shop.techlearn.swiss\/fr\/wp-json\/wp\/v2\/product_brand?post=7922"},{"taxonomy":"product_cat","embeddable":true,"href":"https:\/\/shop.techlearn.swiss\/fr\/wp-json\/wp\/v2\/product_cat?post=7922"},{"taxonomy":"product_tag","embeddable":true,"href":"https:\/\/shop.techlearn.swiss\/fr\/wp-json\/wp\/v2\/product_tag?post=7922"}],"curies":[{"name":"wp","href":"https:\/\/api.w.org\/{rel}","templated":true}]}}