{"id":7923,"date":"2025-10-14T15:31:47","date_gmt":"2025-10-14T13:31:47","guid":{"rendered":"https:\/\/shop.techlearn.swiss\/trainings\/2-qa-session-online-sul-percorso-formativo-nozioni-fondamentali-futuremem-2\/"},"modified":"2026-04-14T13:12:47","modified_gmt":"2026-04-14T11:12:47","slug":"3-1-formazione-docenti-sp","status":"publish","type":"product","link":"https:\/\/shop.techlearn.swiss\/it\/trainings\/3-1-formazione-docenti-sp\/","title":{"rendered":"3.1) Corso di formazione per docenti SP"},"content":{"rendered":"<p>Il corso in presenza di un\u2019intera giornata si basa sui contenuti del percorso di apprendimento \u00abBasi FUTUREMEM\u00bb e offre un approccio pratico su come utilizzare in modo mirato gli strumenti digitali per un insegnamento orientato alle competenze operative nelle scuole professionali.<\/p>\n<p>La mattina \u00e8 dedicata al consolidamento delle conoscenze di base, mentre nel pomeriggio ci si concentrer\u00e0 con un approccio pi\u00f9 pratico sull\u2019insegnamento orientato alle competenze operative.<\/p>\n","protected":false},"excerpt":{"rendered":"<p>Il corso in presenza di un\u2019intera giornata si basa sui contenuti del percorso di apprendimento \u00abBasi FUTUREMEM\u00bb e offre un approccio pratico su come utilizzare in modo mirato gli strumenti digitali per un insegnamento orientato alle competenze operative nelle scuole professionali. La mattina \u00e8 dedicata al consolidamento delle conoscenze di base, mentre nel pomeriggio ci [&hellip;]<\/p>\n","protected":false},"featured_media":8236,"comment_status":"open","ping_status":"closed","template":"","meta":{"_acf_changed":false},"product_brand":[],"product_cat":[],"product_tag":[],"class_list":{"0":"post-7923","1":"product","2":"type-product","3":"status-publish","4":"has-post-thumbnail","7":"first","8":"instock","9":"virtual","10":"taxable","11":"purchasable","12":"product-type-simple"},"acf":[],"_links":{"self":[{"href":"https:\/\/shop.techlearn.swiss\/it\/wp-json\/wp\/v2\/product\/7923","targetHints":{"allow":["GET"]}}],"collection":[{"href":"https:\/\/shop.techlearn.swiss\/it\/wp-json\/wp\/v2\/product"}],"about":[{"href":"https:\/\/shop.techlearn.swiss\/it\/wp-json\/wp\/v2\/types\/product"}],"replies":[{"embeddable":true,"href":"https:\/\/shop.techlearn.swiss\/it\/wp-json\/wp\/v2\/comments?post=7923"}],"wp:featuredmedia":[{"embeddable":true,"href":"https:\/\/shop.techlearn.swiss\/it\/wp-json\/wp\/v2\/media\/8236"}],"wp:attachment":[{"href":"https:\/\/shop.techlearn.swiss\/it\/wp-json\/wp\/v2\/media?parent=7923"}],"wp:term":[{"taxonomy":"product_brand","embeddable":true,"href":"https:\/\/shop.techlearn.swiss\/it\/wp-json\/wp\/v2\/product_brand?post=7923"},{"taxonomy":"product_cat","embeddable":true,"href":"https:\/\/shop.techlearn.swiss\/it\/wp-json\/wp\/v2\/product_cat?post=7923"},{"taxonomy":"product_tag","embeddable":true,"href":"https:\/\/shop.techlearn.swiss\/it\/wp-json\/wp\/v2\/product_tag?post=7923"}],"curies":[{"name":"wp","href":"https:\/\/api.w.org\/{rel}","templated":true}]}}